{"id":309,"date":"2022-11-01T12:04:15","date_gmt":"2022-11-01T12:04:15","guid":{"rendered":"https:\/\/msjaarli.iwn.co\/fori\/"},"modified":"2022-11-25T12:49:58","modified_gmt":"2022-11-25T12:49:58","slug":"fori","status":"publish","type":"page","link":"https:\/\/msjaarli.fi\/en\/fori\/","title":{"rendered":"F\u00f6ri"},"content":{"rendered":"\n<section id=\"gm6a5a360\" class=\"wp-block-gutentor-m3 alignfull section-gm6a5a360 gutentor-module gutentor-container-cover has-image-bg has-custom-bg\"><div class=\"grid-container\">\n<section id=\"gm9c4c007\" class=\"wp-block-gutentor-m4 section-gm9c4c007 gutentor-module gutentor-advanced-columns\"><div class=\"grid-container\"><div class=\"grid-row\">\n<div id=\"col-gm28609a\" class=\"wp-block-gutentor-m4-col col-gm28609a gutentor-single-column  grid-lg-12 grid-md-12 grid-12\"><div id=\"section-gm28609a\" class=\"section-gm28609a gutentor-col-wrap\">\n<div id=\"section-g214ade\" class=\"wp-block-gutentor-e1 section-g214ade gutentor-element gutentor-element-advanced-text text-align-center-desktop text-align-center-tablet text-align-center-mobile\"><div class=\"gutentor-text-wrap\"><h2 class=\"gutentor-text\">F\u00f6ri<\/h2><\/div><\/div>\n<\/div><\/div>\n<\/div><\/div><\/section>\n<\/div><\/section>\n\n\n\n<section id=\"gmcf53550\" class=\"wp-block-gutentor-m3 alignfull section-gmcf53550 gutentor-module gutentor-container-cover\"><div class=\"grid-container\">\n<section id=\"gm120ac38\" class=\"wp-block-gutentor-m4 section-gm120ac38 gutentor-module gutentor-advanced-columns has-gutentor-overlay g-c-r-valign-mobile g-c-r-valign-tablet g-valign-c-desktop\"><div class=\"grid-container\"><div class=\"grid-row\">\n<div id=\"col-gme8d313\" class=\"wp-block-gutentor-m4-col col-gme8d313 gutentor-single-column  grid-lg-12 grid-md-12 grid-12\"><div id=\"section-gme8d313\" class=\"section-gme8d313 gutentor-col-wrap\">\n<h2 class=\"has-text-align-center has-base-3-color has-text-color has-medium-font-size wp-block-heading\">F\u00f6ri, the city ferry<\/h2>\n\n\n\n<div style=\"height:20px\" aria-hidden=\"true\" class=\"wp-block-spacer\"><\/div>\n\n\n\n<div id=\"section-g0285f1\" class=\"wp-block-gutentor-e0 section-g0285f1 gutentor-element gutentor-element-advanced-text text-align-center-desktop\"><div class=\"gutentor-text-wrap\"><p class=\"gutentor-text\">The Aura River divides Turku into two sides: \u201ct\u00e4l puol jokke\u201d (\u201con this side of the river\u201d) and<br>\u201ctois puol jokke\u201d (\u201con the other side of the river\u201d). F\u00f6ri carries people across the river free of<br>charge between Tervahovinkatu (on the east side) and Wechterinkuja (on the west side).<\/p><\/div><\/div>\n\n\n\n<div style=\"height:0px\" aria-hidden=\"true\" class=\"wp-block-spacer\"><\/div>\n\n\n\n<div id=\"section-gc47879\" class=\"wp-block-gutentor-e2 section-gc47879 gutentor-element gutentor-element-button button-align-center-desktop\"><span class=\"gutentor-button-wrap\"><a class=\"gutentor-button gutentor-block-button gutentor-icon-hide\" href=\"https:\/\/opaskartta.turku.fi\/IMS\/?layers=Maastokartta&amp;cp=6703458,23458598&amp;z=1&amp;title=F%C3%B6ri\" target=\"_blank\" rel=\"noopener noreferrer\"><i class=\"gutentor-button-icon fas fa-book\"><\/i><span>Location on map<\/span><\/a><\/span><\/div>\n<\/div><\/div>\n<\/div><\/div><\/section>\n\n\n\n<div style=\"height:20px\" aria-hidden=\"true\" class=\"wp-block-spacer\"><\/div>\n\n\n\n<section id=\"gmdfce71d\" class=\"wp-block-gutentor-m4 section-gmdfce71d gutentor-module gutentor-advanced-columns\"><div class=\"grid-container\"><div class=\"grid-row\">\n<div id=\"col-gm397edb\" class=\"wp-block-gutentor-m4-col col-gm397edb gutentor-single-column  grid-lg-6 grid-md-12 grid-12\"><div id=\"section-gm397edb\" class=\"section-gm397edb gutentor-col-wrap\">\n<div id=\"section-g17660f\" class=\"wp-block-gutentor-e1 section-g17660f gutentor-element gutentor-element-advanced-text\"><div class=\"gutentor-text-wrap\"><h6 class=\"gutentor-text\"><strong>Timetables<\/strong><\/h6><\/div><\/div>\n\n\n\n<div id=\"section-g3a849d\" class=\"wp-block-gutentor-e0 section-g3a849d gutentor-element gutentor-element-advanced-text\"><div class=\"gutentor-text-wrap\"><p class=\"gutentor-text\">Crossing the river on F\u00f6ri takes approximately two minutes. Mainly it operates around the year following the schedule<\/p><\/div><\/div>\n\n\n\n<div id=\"section-gef4627\" class=\"wp-block-gutentor-e7 section-gef4627 gutentor-element gutentor-element-list\"><ul class=\"grid-row gutentor-grid-item-wrap list-indicator-icon\"><li class=\"gutentor-list-item grid-lg-12 grid-md-12 grid-12\"><span class=\"gutentor-single-item gutentor-single-item-0\"><span class=\"gutentor-list-item-wrap g-s-list-wrap\"><span class=\"gutentor-single-list-item-icon\"><i class=\"list-item-icon fas fa-arrow-right\"><\/i><\/span><span class=\"gutentor-list-item\"><p class=\"gutentor-single-item-title\">in summer 6.15\u2013 23.00 (1 May \u2013 Turku Day in September)<\/p><\/span><\/span><\/span><\/li><li class=\"gutentor-list-item grid-lg-12 grid-md-12 grid-12\"><span class=\"gutentor-single-item gutentor-single-item-1\"><span class=\"gutentor-list-item-wrap g-s-list-wrap\"><span class=\"gutentor-single-list-item-icon\"><i class=\"list-item-icon fas fa-arrow-right\"><\/i><\/span><span class=\"gutentor-list-item\"><p class=\"gutentor-single-item-title\">in winter 6.15\u201321.00<\/p><\/span><\/span><\/span><\/li><\/ul><\/div>\n\n\n\n<div id=\"section-gbc56d5\" class=\"wp-block-gutentor-e0 section-gbc56d5 gutentor-element gutentor-element-advanced-text\"><div class=\"gutentor-text-wrap\"><p class=\"gutentor-text\">Summertime ends on Turku Day (the third Sunday in September). The annual docking of F\u00f6ri is after Turku Day and lasts normally around two weeks, during which time a substitute vessel operates in F\u00f6ri\u2019s place.<br><br>During cold winters F\u00f6ri is replaced by an ice bridge, provided that the thickness of ice is at least 30 cm throughout. Since the year 2000 the ice bridge has been in use in 2003, 2010, 2011, and 2014.<\/p><\/div><\/div>\n<\/div><\/div>\n\n\n\n<div id=\"col-gm452449\" class=\"wp-block-gutentor-m4-col col-gm452449 gutentor-single-column  grid-lg-6 grid-md-12 grid-12\"><div id=\"section-gm452449\" class=\"section-gm452449 gutentor-col-wrap\">\n<iframe loading=\"lazy\" src=\"https:\/\/www.youtube.com\/embed\/L5lkFqEkPOg\" allow=\"accelerometer; autoplay; clipboard-write; encrypted-media; gyroscope; picture-in-picture\" allowfullscreen=\"\" width=\"560\" height=\"315\" frameborder=\"0\"><\/iframe>\n\n\n\n<div style=\"height:20px\" aria-hidden=\"true\" class=\"wp-block-spacer\"><\/div>\n\n\n\n<h3 class=\"has-global-color-9-color has-text-color has-medium-font-size wp-block-heading\">F\u00f6ri document<\/h3>\n\n\n\n<div id=\"section-gc593c5\" class=\"wp-block-gutentor-e0 section-gc593c5 gutentor-element gutentor-element-advanced-text\"><div class=\"gutentor-text-wrap\"><p class=\"gutentor-text\">The F\u00f6ri documentary film, completed in March 2018, captures both F\u00f6ri&#8217;s past and its new future. Watch the movie on YouTube.<\/p><\/div><\/div>\n<\/div><\/div>\n<\/div><\/div><\/section>\n\n\n\n<div style=\"height:30px\" aria-hidden=\"true\" class=\"wp-block-spacer\"><\/div>\n\n\n\n<section id=\"gm17b2e65\" class=\"wp-block-gutentor-m4 section-gm17b2e65 gutentor-module gutentor-advanced-columns has-color-bg has-custom-bg\"><div class=\"grid-container\"><div class=\"grid-row\">\n<div id=\"col-gm6936d3\" class=\"wp-block-gutentor-m4-col col-gm6936d3 gutentor-single-column  grid-lg-12 grid-md-12 grid-12\"><div id=\"section-gm6936d3\" class=\"section-gm6936d3 gutentor-col-wrap\">\n<h2 class=\"has-global-color-9-color has-text-color has-medium-font-size wp-block-heading\"><strong>Facts about F\u00f6ri<\/strong>:<\/h2>\n\n\n\n<div style=\"height:20px\" aria-hidden=\"true\" class=\"wp-block-spacer\"><\/div>\n\n\n\n<div id=\"section-g226a85\" class=\"wp-block-gutentor-e0 section-g226a85 gutentor-element gutentor-element-advanced-text\"><div class=\"gutentor-text-wrap\"><p class=\"gutentor-text\">F\u00f6ri is the official name of the ferry. The name comes from either the Swedish \u201cf\u00e4rja\u201d or the English \u201cferry\u201d. Before being called F\u00f6ri the name of the ferry in official documents was \u201cW\u00e4chtergr\u00e4ndens f\u00e4rja\u201d, \u201cAurajoen lautta\u201d (River Aura ferry) or \u201cJokilautta\u201d (river ferry). None<br>of these names were ever painted on the side of the vessel, but nowadays it says \u201cF\u00f6ri\u201d on the roof of the cockpit.<br><br>F\u00f6ri was finished in 1903 and it was put into operation in 1904. It is the oldest vehicle in everyday professional use in Finland. F\u00f6ri can carry a maximum of 75 passengers at a time.<br><br>F\u00f6ri is a cable or chain ferry, which runs on electric motors. The power comes from batteries, which are recharged during the night while F\u00f6ri is docked. F\u00f6ri originally had a steam engine, which then became diesel in 1953. These diesel engines were replaced by electric motors in 2017. F\u00f6ri was built at Ab Vulcan shipyard in Turku. Its more recent modifications have been undertaken by Mobimar Oy, which is also a Turku-based company.<\/p><\/div><\/div>\n<\/div><\/div>\n<\/div><\/div><\/section>\n\n\n\n<div style=\"height:30px\" aria-hidden=\"true\" class=\"wp-block-spacer\"><\/div>\n<\/div><\/section>\n","protected":false},"excerpt":{"rendered":"","protected":false},"author":1,"featured_media":0,"parent":0,"menu_order":0,"comment_status":"closed","ping_status":"closed","template":"","meta":{"footnotes":""},"class_list":["post-309","page","type-page","status-publish"],"yoast_head":"<!-- This site is optimized with the Yoast SEO plugin v27.4 - https:\/\/yoast.com\/product\/yoast-seo-wordpress\/ -->\n<title>F\u00f6ri - M\/S Jaarli<\/title>\n<meta name=\"robots\" content=\"index, follow, max-snippet:-1, max-image-preview:large, max-video-preview:-1\" \/>\n<link rel=\"canonical\" href=\"https:\/\/msjaarli.fi\/en\/fori\/\" \/>\n<meta property=\"og:locale\" content=\"en_US\" \/>\n<meta property=\"og:type\" content=\"article\" \/>\n<meta property=\"og:title\" content=\"F\u00f6ri - M\/S Jaarli\" \/>\n<meta property=\"og:url\" content=\"https:\/\/msjaarli.fi\/en\/fori\/\" \/>\n<meta property=\"og:site_name\" content=\"M\/S Jaarli\" \/>\n<meta property=\"article:modified_time\" content=\"2022-11-25T12:49:58+00:00\" \/>\n<meta name=\"twitter:card\" content=\"summary_large_image\" \/>\n<meta name=\"twitter:label1\" content=\"Est. reading time\" \/>\n\t<meta name=\"twitter:data1\" content=\"2 minutes\" \/>\n<script type=\"application\/ld+json\" class=\"yoast-schema-graph\">{\"@context\":\"https:\\\/\\\/schema.org\",\"@graph\":[{\"@type\":\"WebPage\",\"@id\":\"https:\\\/\\\/msjaarli.fi\\\/en\\\/fori\\\/\",\"url\":\"https:\\\/\\\/msjaarli.fi\\\/en\\\/fori\\\/\",\"name\":\"F\u00f6ri - M\\\/S Jaarli\",\"isPartOf\":{\"@id\":\"https:\\\/\\\/msjaarli.fi\\\/#website\"},\"datePublished\":\"2022-11-01T12:04:15+00:00\",\"dateModified\":\"2022-11-25T12:49:58+00:00\",\"breadcrumb\":{\"@id\":\"https:\\\/\\\/msjaarli.fi\\\/en\\\/fori\\\/#breadcrumb\"},\"inLanguage\":\"en-US\",\"potentialAction\":[{\"@type\":\"ReadAction\",\"target\":[\"https:\\\/\\\/msjaarli.fi\\\/en\\\/fori\\\/\"]}]},{\"@type\":\"BreadcrumbList\",\"@id\":\"https:\\\/\\\/msjaarli.fi\\\/en\\\/fori\\\/#breadcrumb\",\"itemListElement\":[{\"@type\":\"ListItem\",\"position\":1,\"name\":\"Etusivu\",\"item\":\"https:\\\/\\\/msjaarli.fi\\\/en\\\/etusivu\\\/\"},{\"@type\":\"ListItem\",\"position\":2,\"name\":\"F\u00f6ri\"}]},{\"@type\":\"WebSite\",\"@id\":\"https:\\\/\\\/msjaarli.fi\\\/#website\",\"url\":\"https:\\\/\\\/msjaarli.fi\\\/\",\"name\":\"M\\\/S Jaarli\",\"description\":\"Turun vesiliikenne\",\"potentialAction\":[{\"@type\":\"SearchAction\",\"target\":{\"@type\":\"EntryPoint\",\"urlTemplate\":\"https:\\\/\\\/msjaarli.fi\\\/?s={search_term_string}\"},\"query-input\":{\"@type\":\"PropertyValueSpecification\",\"valueRequired\":true,\"valueName\":\"search_term_string\"}}],\"inLanguage\":\"en-US\"}]}<\/script>\n<!-- \/ Yoast SEO plugin. -->","yoast_head_json":{"title":"F\u00f6ri - M\/S Jaarli","robots":{"index":"index","follow":"follow","max-snippet":"max-snippet:-1","max-image-preview":"max-image-preview:large","max-video-preview":"max-video-preview:-1"},"canonical":"https:\/\/msjaarli.fi\/en\/fori\/","og_locale":"en_US","og_type":"article","og_title":"F\u00f6ri - M\/S Jaarli","og_url":"https:\/\/msjaarli.fi\/en\/fori\/","og_site_name":"M\/S Jaarli","article_modified_time":"2022-11-25T12:49:58+00:00","twitter_card":"summary_large_image","twitter_misc":{"Est. reading time":"2 minutes"},"schema":{"@context":"https:\/\/schema.org","@graph":[{"@type":"WebPage","@id":"https:\/\/msjaarli.fi\/en\/fori\/","url":"https:\/\/msjaarli.fi\/en\/fori\/","name":"F\u00f6ri - M\/S Jaarli","isPartOf":{"@id":"https:\/\/msjaarli.fi\/#website"},"datePublished":"2022-11-01T12:04:15+00:00","dateModified":"2022-11-25T12:49:58+00:00","breadcrumb":{"@id":"https:\/\/msjaarli.fi\/en\/fori\/#breadcrumb"},"inLanguage":"en-US","potentialAction":[{"@type":"ReadAction","target":["https:\/\/msjaarli.fi\/en\/fori\/"]}]},{"@type":"BreadcrumbList","@id":"https:\/\/msjaarli.fi\/en\/fori\/#breadcrumb","itemListElement":[{"@type":"ListItem","position":1,"name":"Etusivu","item":"https:\/\/msjaarli.fi\/en\/etusivu\/"},{"@type":"ListItem","position":2,"name":"F\u00f6ri"}]},{"@type":"WebSite","@id":"https:\/\/msjaarli.fi\/#website","url":"https:\/\/msjaarli.fi\/","name":"M\/S Jaarli","description":"Turun vesiliikenne","potentialAction":[{"@type":"SearchAction","target":{"@type":"EntryPoint","urlTemplate":"https:\/\/msjaarli.fi\/?s={search_term_string}"},"query-input":{"@type":"PropertyValueSpecification","valueRequired":true,"valueName":"search_term_string"}}],"inLanguage":"en-US"}]}},"_links":{"self":[{"href":"https:\/\/msjaarli.fi\/en\/wp-json\/wp\/v2\/pages\/309","targetHints":{"allow":["GET"]}}],"collection":[{"href":"https:\/\/msjaarli.fi\/en\/wp-json\/wp\/v2\/pages"}],"about":[{"href":"https:\/\/msjaarli.fi\/en\/wp-json\/wp\/v2\/types\/page"}],"author":[{"embeddable":true,"href":"https:\/\/msjaarli.fi\/en\/wp-json\/wp\/v2\/users\/1"}],"replies":[{"embeddable":true,"href":"https:\/\/msjaarli.fi\/en\/wp-json\/wp\/v2\/comments?post=309"}],"version-history":[{"count":14,"href":"https:\/\/msjaarli.fi\/en\/wp-json\/wp\/v2\/pages\/309\/revisions"}],"predecessor-version":[{"id":387,"href":"https:\/\/msjaarli.fi\/en\/wp-json\/wp\/v2\/pages\/309\/revisions\/387"}],"wp:attachment":[{"href":"https:\/\/msjaarli.fi\/en\/wp-json\/wp\/v2\/media?parent=309"}],"curies":[{"name":"wp","href":"https:\/\/api.w.org\/{rel}","templated":true}]}}